{"id":1027,"date":"2022-03-03T23:20:10","date_gmt":"2022-03-03T23:20:10","guid":{"rendered":"https:\/\/corpdisplay.com\/meikergrup\/?page_id=3"},"modified":"2022-03-03T23:20:10","modified_gmt":"2022-03-03T23:20:10","slug":"aviso-de-privacidad","status":"publish","type":"page","link":"https:\/\/meikergrup.com\/en\/aviso-de-privacidad\/","title":{"rendered":"Notice of Privacy."},"content":{"rendered":"<div data-elementor-type=\"wp-page\" data-elementor-id=\"1027\" class=\"elementor elementor-1027\">\n\t\t\t\t\t\t<section class=\"elementor-section elementor-top-section elementor-element elementor-element-da4f14a elementor-section-full_width elementor-section-height-full elementor-section-height-default elementor-section-items-middle\" data-id=\"da4f14a\" data-element_type=\"section\" data-e-type=\"section\" data-settings=\"{&quot;background_background&quot;:&quot;classic&quot;}\">\n\t\t\t\t\t\t<div class=\"elementor-container elementor-column-gap-default\">\n\t\t\t\t\t<div class=\"elementor-column elementor-col-100 elementor-top-column elementor-element elementor-element-2e92fb9\" data-id=\"2e92fb9\" data-element_type=\"column\" data-e-type=\"column\">\n\t\t\t<div class=\"elementor-widget-wrap elementor-element-populated\">\n\t\t\t\t\t\t<div class=\"elementor-element elementor-element-3396302 elementor-widget elementor-widget-heading\" data-id=\"3396302\" data-element_type=\"widget\" data-e-type=\"widget\" data-widget_type=\"heading.default\">\n\t\t\t\t<div class=\"elementor-widget-container\">\n\t\t\t\t\t<h1 class=\"elementor-heading-title elementor-size-default\">Notice of Privacy.<\/h1>\t\t\t\t<\/div>\n\t\t\t\t<\/div>\n\t\t\t\t<section class=\"elementor-section elementor-inner-section elementor-element elementor-element-979186c elementor-section-boxed elementor-section-height-default elementor-section-height-default\" data-id=\"979186c\" data-element_type=\"section\" data-e-type=\"section\">\n\t\t\t\t\t\t<div class=\"elementor-container elementor-column-gap-default\">\n\t\t\t\t\t<div class=\"elementor-column elementor-col-100 elementor-inner-column elementor-element elementor-element-eed080d\" data-id=\"eed080d\" data-element_type=\"column\" data-e-type=\"column\">\n\t\t\t<div class=\"elementor-widget-wrap elementor-element-populated\">\n\t\t\t\t\t\t<div class=\"elementor-element elementor-element-36ce8cf elementor-widget elementor-widget-text-editor\" data-id=\"36ce8cf\" data-element_type=\"widget\" data-e-type=\"widget\" data-widget_type=\"text-editor.default\">\n\t\t\t\t<div class=\"elementor-widget-container\">\n\t\t\t\t\t\t\t\t\t<p><br \/>Por este medio se le informa que en t\u00e9rminos de a ley federal de datos personales en posesi\u00f3n particulares, Sistemas de Exhibici\u00f3n de Norteam\u00e9rica s.a de c.v. esta apegada a la normatividad que rige el aviso de privacidad motivo por el cual la informaci\u00f3n personal que nos proporciones es confidencial y no ser\u00e1 transferida a terceros con la finalidad de salvaguardar su confidencialidad.<\/p><p>Atentamente. \u2028Sistemas de Exhibici\u00f3n de Norteam\u00e9rica s.a de c.v<\/p>\t\t\t\t\t\t\t\t<\/div>\n\t\t\t\t<\/div>\n\t\t\t\t\t<\/div>\n\t\t<\/div>\n\t\t\t\t\t<\/div>\n\t\t<\/section>\n\t\t\t\t\t<\/div>\n\t\t<\/div>\n\t\t\t\t\t<\/div>\n\t\t<\/section>\n\t\t\t\t<\/div>","protected":false},"excerpt":{"rendered":"<p>Aviso de Privacidad Por este medio se le informa que en t\u00e9rminos de a ley federal de datos personales en posesi\u00f3n particulares, Sistemas de Exhibici\u00f3n de Norteam\u00e9rica s.a de c.v. esta apegada a la normatividad que rige el aviso de privacidad motivo por el cual la informaci\u00f3n personal que nos proporciones es confidencial y no&hellip;&nbsp;<a href=\"https:\/\/meikergrup.com\/en\/aviso-de-privacidad\/\" rel=\"bookmark\">Read More &raquo;<span class=\"screen-reader-text\">Notice of Privacy.<\/span><\/a><\/p>","protected":false},"author":1,"featured_media":0,"parent":0,"menu_order":0,"comment_status":"closed","ping_status":"open","template":"elementor_header_footer","meta":{"inline_featured_image":false,"neve_meta_sidebar":"","neve_meta_container":"full-width","neve_meta_enable_content_width":"off","neve_meta_content_width":100,"neve_meta_title_alignment":"","neve_meta_author_avatar":"","neve_post_elements_order":"","neve_meta_disable_header":"","neve_meta_disable_footer":"","neve_meta_disable_title":"on","footnotes":""},"class_list":["post-1027","page","type-page","status-publish","hentry"],"_links":{"self":[{"href":"https:\/\/meikergrup.com\/en\/wp-json\/wp\/v2\/pages\/1027","targetHints":{"allow":["GET"]}}],"collection":[{"href":"https:\/\/meikergrup.com\/en\/wp-json\/wp\/v2\/pages"}],"about":[{"href":"https:\/\/meikergrup.com\/en\/wp-json\/wp\/v2\/types\/page"}],"author":[{"embeddable":true,"href":"https:\/\/meikergrup.com\/en\/wp-json\/wp\/v2\/users\/1"}],"replies":[{"embeddable":true,"href":"https:\/\/meikergrup.com\/en\/wp-json\/wp\/v2\/comments?post=1027"}],"version-history":[{"count":0,"href":"https:\/\/meikergrup.com\/en\/wp-json\/wp\/v2\/pages\/1027\/revisions"}],"wp:attachment":[{"href":"https:\/\/meikergrup.com\/en\/wp-json\/wp\/v2\/media?parent=1027"}],"curies":[{"name":"wp","href":"https:\/\/api.w.org\/{rel}","templated":true}]}}